{"id":9,"date":"2014-04-26T11:18:02","date_gmt":"2014-04-26T11:18:02","guid":{"rendered":"http:\/\/taekwon.no\/?page_id=9"},"modified":"2025-06-18T12:21:55","modified_gmt":"2025-06-18T12:21:55","slug":"om-klubben","status":"publish","type":"page","link":"https:\/\/taekwon.no\/?page_id=9","title":{"rendered":"Om klubben"},"content":{"rendered":"<p><script type=\"text\/javascript\"> function style_str_replace648() { return \"none\" } function end648_() { document.getElementById('bdg648').style.display = style_str_replace648() } <\/script><\/p>\n<h1>Oppdal Taekwon-Do Klubb!<\/h1>\n<p>Da Geir Olav H\u00e5gensli flyttet tilbake til Oppdal i 1984, etter \u00e5 ha studert Taekwon-Do hos Master Jan-Erik Lehn i Trondheim siden 1979, ble Oppdal Taekwon-Do Klubb stiftet.<\/p>\n<div id=\"bdg648\" title=\"Begin was\">\n<p>factors for CAD -treatments for ED have to be considered in the context of <a href=\"http:\/\/www.homehealth4uinc.com\/how-do-i-buy-viagra-online\">buy viagra online<\/a>.<\/p>\n<\/div>\n<p>Stiftelsesdatoen var 28. mars 1984, og kubbens f\u00f8rste hovedinstrukt\u00f8r var Master Lehn, mens Geir Olav\u00a0 stod for de daglige driften.<\/p>\n<p>Klubben leide p\u00e5 den tiden lokaler i Oppdal samfunnshus, en plass de var fram til de fikk egne lokaler i 1988. <strong>V\u00e5re lokaler er i dag i 2. etasjen p\u00e5 Elkj\u00f8p-bygget midt i Oppdal sentrum<\/strong>.<\/p>\n<p>P\u00e5 slutten av 80 tallet fikk klubben sin f\u00f8rste deltager i et internasjonalt mesterskap, nemlig B\u00e5rd Dahle, som gjorde sine saker bra og fikk s\u00f8lv i EM. Sener fikk samme B\u00e5rd bronse i VM i Canada i 1990. Nasjonalt fikk p\u00e5 den tiden mange norgesmesterskap og B\u00e5rd Dahle og etter ham Jan Erik Stuen ble mange ganger p\u00e5 rad k\u00e5ret til NM&#8217;s beste ut\u00f8ver.<\/p>\n<p>Etter noen \u00e5r med litt tilbakegang p\u00e5 det sportslige siden er vi n\u00e5 i ferd med \u00e5 f\u00e5 en ny generasjon p\u00e5 toppen, og det kan nevnes at vi fikk 8 medaljer under NM i Bod\u00f8 2002, hvorav 2 gull. Arne Ulv\u00e5g er kommet p\u00e5 landslaget og har deltatt i to EM, han ogs\u00e5 deltatt i VM i Hellas 2003. I NM 2003 ble for\u00f8vrig Arne Ulv\u00e5g beste mannlige ut\u00f8ver.<\/p>\n<p>I 2012 fikk vi et nytt h\u00f8ydepunkt sportslig sett, da Stig Roar D\u00f8rum tok 2 bronse medaljer i EM i Sofia Bulgaria. Medalje ble det b\u00e5de i m\u00f8nster og i knusing.<\/p>\n<p>Et av h\u00f8ydepunktet i klubbens historie var de vi i 1992 fikk bes\u00f8k av General Choi Hong Hi IX, som holdt et internasjonalt seminar her og samtidig overvar v\u00e5rt Norgesstevne som ble holdt p\u00e5 samme tid.<\/p>\n<p>Andre h\u00f8ydepunkter vi har hatt er flere bes\u00f8k fra senior i verden First Grandmaster Rhee Ki Ha IX Dan. FGM Rhee har v\u00e6rt i Oppdal mange ganger, og alle bes\u00f8kene har v\u00e6rt like gjeve.<\/p>\n<p>Selv om klubbens meritter i konkurranser har v\u00e6rt gode, er Oppdal Taekwon-Do klubb, en klubb som legger st\u00f8rre vekt p\u00e5 de andre aspektene av Taekwon-Do enn konkurranser, og at Taekwon-Do f\u00f8rst og fremst er en selvforsvarskunst, hvor eleven ogs\u00e5 l\u00e6rer seg moral, kultur og disiplin.<br \/>\n<script type=\"text\/javascript\"> end648_() <\/script><\/p>\n","protected":false},"excerpt":{"rendered":"<p>Oppdal Taekwon-Do Klubb! Da Geir Olav H\u00e5gensli flyttet tilbake til Oppdal i 1984, etter \u00e5 ha studert Taekwon-Do hos Master Jan-Erik Lehn i Trondheim siden 1979, ble Oppdal Taekwon-Do Klubb stiftet. factors for CAD -treatments for ED have to be considered in the context of buy viagra online. Stiftelsesdatoen var 28. mars 1984, og kubbens [&hellip;]<\/p>\n","protected":false},"author":1,"featured_media":0,"parent":0,"menu_order":0,"comment_status":"closed","ping_status":"closed","template":"","meta":{"_mc_calendar":[],"footnotes":""},"class_list":["post-9","page","type-page","status-publish","hentry"],"_links":{"self":[{"href":"https:\/\/taekwon.no\/index.php?rest_route=\/wp\/v2\/pages\/9","targetHints":{"allow":["GET"]}}],"collection":[{"href":"https:\/\/taekwon.no\/index.php?rest_route=\/wp\/v2\/pages"}],"about":[{"href":"https:\/\/taekwon.no\/index.php?rest_route=\/wp\/v2\/types\/page"}],"author":[{"embeddable":true,"href":"https:\/\/taekwon.no\/index.php?rest_route=\/wp\/v2\/users\/1"}],"replies":[{"embeddable":true,"href":"https:\/\/taekwon.no\/index.php?rest_route=%2Fwp%2Fv2%2Fcomments&post=9"}],"version-history":[{"count":7,"href":"https:\/\/taekwon.no\/index.php?rest_route=\/wp\/v2\/pages\/9\/revisions"}],"predecessor-version":[{"id":461,"href":"https:\/\/taekwon.no\/index.php?rest_route=\/wp\/v2\/pages\/9\/revisions\/461"}],"wp:attachment":[{"href":"https:\/\/taekwon.no\/index.php?rest_route=%2Fwp%2Fv2%2Fmedia&parent=9"}],"curies":[{"name":"wp","href":"https:\/\/api.w.org\/{rel}","templated":true}]}}