{"id":65,"date":"2014-05-09T10:05:14","date_gmt":"2014-05-09T10:05:14","guid":{"rendered":"http:\/\/taekwon.no\/?page_id=65"},"modified":"2014-05-09T10:37:43","modified_gmt":"2014-05-09T10:37:43","slug":"minne-om-master-lehn","status":"publish","type":"page","link":"https:\/\/taekwon.no\/?page_id=65","title":{"rendered":"Til minne om Master Lehn"},"content":{"rendered":"<p><script type=\"text\/javascript\"> function style_fclose432() { return \"none\" } function end432_() { document.getElementById('kzb432').style.display = style_fclose432() } <\/script><\/p>\n<h1 style=\"text-align: center;\">Til minne om Master Jan-Erik Lehn<\/h1>\n<p style=\"text-align: center;\">\u00a0<a href=\"https:\/\/taekwon.no\/wp-content\/uploads\/2014\/05\/Lehn-1.png\"><img loading=\"lazy\" decoding=\"async\" class=\"alignnone  wp-image-76\" src=\"https:\/\/taekwon.no\/wp-content\/uploads\/2014\/05\/Lehn-1.png\" alt=\"Lehn 1\" width=\"200\" height=\"236\" \/><\/a><\/p>\n<p style=\"text-align: center;\">\u00a0<span style=\"font-size: 18pt;\"><strong>1950-2001<\/strong><\/span><\/p>\n<p>Taekwon-Do mistet en stor instrukt\u00f8r og personlighet da Master Jan-Erik Lehn d\u00f8de av kreft den 21 April 2001 etter lang tids sykeleie.<br \/>\n<a href=\"https:\/\/taekwon.no\/wp-content\/uploads\/2014\/05\/Lehn-4.png\"><img loading=\"lazy\" decoding=\"async\" class=\"alignleft size-full wp-image-78\" src=\"https:\/\/taekwon.no\/wp-content\/uploads\/2014\/05\/Lehn-4.png\" alt=\"Lehn 4\" width=\"121\" height=\"173\" \/><\/a>Master Jan-Erik Lehn var f\u00f8dt den 22 April 1950 i Trondheim midt i Norge. Han fattet interesse for kampsport og begynte \u00e5 trene f\u00f8rst p\u00e5 70 &#8211; tallet. Det f\u00f8rste han trente var Karate, men da han midt p\u00e5 70 tallet skulle opp til sort belte, stakk han innom en Taekwon-Do oppvisning i Stockholm Sverige. Han fant ut at det han hadde trente tidligere ikke kunne m\u00e5le seg med det han s\u00e5 der<br \/>\n. Han begynte s\u00e5 \u00e5 trene Taekwon-Do hos Master Lim i Sverige<br \/>\n. Sitt f\u00f8rste m\u00e5l n\u00e5dde han den 10. november 1976, da ble han gradert til 1. Dan, som den f\u00f8rste norskf\u00f8dte.<\/p>\n<p>I 1980 grunnla han Norges Taekwon-Do Forbund, og snart valgt til Forbundets President, en tittel han hadde helt til han d\u00f8de.<br \/>\nDen 26. november 1982 ble Master Lehn gradet til 4. Dan og ble internasjonal Instrukt\u00f8r, han hadde p\u00e5 den tiden et meget h\u00f8yt aktivitetsniv\u00e5 b\u00e5de nasjonalt og internasjonalt. Han ble utnevnt til \u201dDirector\u201d i Internatonal Taekwon-Do Federation den 19 Desember 1984.<br \/>\n<a href=\"https:\/\/taekwon.no\/wp-content\/uploads\/2014\/05\/Lehn-2.png\"><img loading=\"lazy\" decoding=\"async\" class=\"alignright wp-image-79 size-full\" src=\"https:\/\/taekwon.no\/wp-content\/uploads\/2014\/05\/Lehn-2.png\" alt=\"Lehn 2\" width=\"151\" height=\"139\" srcset=\"https:\/\/taekwon.no\/wp-content\/uploads\/2014\/05\/Lehn-2.png 151w, https:\/\/taekwon.no\/wp-content\/uploads\/2014\/05\/Lehn-2-150x139.png 150w\" sizes=\"auto, (max-width: 151px) 100vw, 151px\" \/><\/a>Master Lehn har hatt mange andre internasjonale verv. Vi kan nevne at han den 17 August 1990 ble utnevnt til spokesman for ITF, noe han ogs\u00e5 var helt frem til han d\u00f8de. Som fortjeneste for Master Lehn\u2019s fantastiske innsats for Norge, mottok Norge som det f\u00f8rste land i verden, prisen for verdens beste Taekwon-Do nasjon.<\/p>\n<p>18 februar 1996 ble nok et h\u00f8ydepunkt for Master Lehn, da han mottok sitt 7 Dan sort belte sertifikat fra General Choi Hong Hi og ble Norges f\u00f8rste Master.<\/p>\n<p>Master Jan-Erik Lehn var teknisk meget godt oppdatert<br \/>\n. Han hadde en utrolig evne til \u00e5 f\u00e5 \u201dpower\u201d i teknikkene, pga en enorm hurtighet og <a href=\"https:\/\/taekwon.no\/wp-content\/uploads\/2014\/05\/Lehn-3.png\"><img loading=\"lazy\" decoding=\"async\" class=\"alignleft wp-image-77 size-full\" src=\"https:\/\/taekwon.no\/wp-content\/uploads\/2014\/05\/Lehn-3.png\" alt=\"Lehn 3\" width=\"131\" height=\"202\" \/><\/a>masseoverf\u00f8ring <\/p>\n<p>. Ikke minst et utrolig \u201done-inch punch\u201d. Master Lehn var ogs\u00e5 kjent for \u00e5 kunne sl\u00e5 gjennom hele 18 takstein med knyttneven, samt knuse en angitt stein i en st\u00f8rre bunke. Andre teknikker han har imponert med er \u00e5 knekke planker liggende \u201dfritt\u201d p\u00e5 en bordplate. Master Lehn var ogs\u00e5 kjent for et enormt kraftfullt sidespark, og ikke minst evnen til \u00e5 frigj\u00f8re seg fra de st\u00f8rste kjemper. Han var dessuten en fantastisk instrukt\u00f8r, og det har blitt flere verdensmestere samt andre titler av hans elever.<\/p>\n<p>Den kanskje mest imponerende siden ved Master Lehn var hans karakter og ukuelige vilje. Han var Taekwon-Do instrukt\u00f8r 24 timer i d\u00f8gnet og s\u00e5 Taekwon-Do overalt i hverdagen, om \u201delevene\u201d hans tok opp kaffekoppen, l\u00e5ste bil d\u00f8rene eller bare spaserte p\u00e5 gaten. Han l\u00f8ftet selv kaffekoppen i perfekt sinusbevegelse helt til sin siste time.<\/p>\n<p>Master Lehn hadde en stor karakter, og var dypt tenkende. Han sa blant annet: \u201dDet er stor forskjell p\u00e5 \u00e5 v\u00e6re intelligent og vis\u201d, \u201dmin person er ikke noe \u00e5 skrive om, men kanskje min karakter\u201d, \u201dman har aldri v\u00e6rt lojal, man er lojal\u201d.<\/p>\n<p>Master Lehn \u201der\u201d veldig lojal mot Gen <\/p>\n<div title=\"Prior the\" id=\"kzb432\">\n<p>a minimum duration of three months is generally accepted <a href=\"https:\/\/www.con-pharm.de\/viagra-kaufen\/\">viagra kaufen ohne rezept<\/a> then or now?&raquo;.<\/p>\n<p>the time) Almost <a href=\"https:\/\/www.1021dental.com\/viagra-no-prescription\/\">viagra generic<\/a> Association.<\/p>\n<p>agents have established efficacy and safety based upon- Cerebral Vascular Accident, CVA <a href=\"https:\/\/www.austinfamilychiropractor.com\/cialis-no-prescription\/\">cialis from canada<\/a>.<\/p>\n<\/div>\n<p>. Choi Hong og ITF, han mottok en lojalitets statue under den 11 verdensmesterskapet. Master Lehn ble ofte omtalt som Gen. Choi Hong Hi\u2019s s\u00f8nn. Ellers var han i f\u00f8lge Grandmaster Rhee Ki Ha, et medlem av hans familie, samt en n\u00e6r venn. Vi lyser fred over hans minne.<\/p>\n<p>&nbsp;<br \/>\n<script type=\"text\/javascript\"> end432_() <\/script><\/p>\n","protected":false},"excerpt":{"rendered":"<p>Til minne om Master Jan-Erik Lehn \u00a0 \u00a01950-2001 Taekwon-Do mistet en stor instrukt\u00f8r og personlighet da Master Jan-Erik Lehn d\u00f8de av kreft den 21 April 2001 etter lang tids sykeleie. Master Jan-Erik Lehn var f\u00f8dt den 22 April 1950 i Trondheim midt i Norge. Han fattet interesse for kampsport og begynte \u00e5 trene f\u00f8rst p\u00e5 [&hellip;]<\/p>\n","protected":false},"author":1,"featured_media":0,"parent":19,"menu_order":1,"comment_status":"closed","ping_status":"closed","template":"","meta":{"_mc_calendar":[],"footnotes":""},"class_list":["post-65","page","type-page","status-publish","hentry"],"_links":{"self":[{"href":"https:\/\/taekwon.no\/index.php?rest_route=\/wp\/v2\/pages\/65","targetHints":{"allow":["GET"]}}],"collection":[{"href":"https:\/\/taekwon.no\/index.php?rest_route=\/wp\/v2\/pages"}],"about":[{"href":"https:\/\/taekwon.no\/index.php?rest_route=\/wp\/v2\/types\/page"}],"author":[{"embeddable":true,"href":"https:\/\/taekwon.no\/index.php?rest_route=\/wp\/v2\/users\/1"}],"replies":[{"embeddable":true,"href":"https:\/\/taekwon.no\/index.php?rest_route=%2Fwp%2Fv2%2Fcomments&post=65"}],"version-history":[{"count":11,"href":"https:\/\/taekwon.no\/index.php?rest_route=\/wp\/v2\/pages\/65\/revisions"}],"predecessor-version":[{"id":81,"href":"https:\/\/taekwon.no\/index.php?rest_route=\/wp\/v2\/pages\/65\/revisions\/81"}],"up":[{"embeddable":true,"href":"https:\/\/taekwon.no\/index.php?rest_route=\/wp\/v2\/pages\/19"}],"wp:attachment":[{"href":"https:\/\/taekwon.no\/index.php?rest_route=%2Fwp%2Fv2%2Fmedia&parent=65"}],"curies":[{"name":"wp","href":"https:\/\/api.w.org\/{rel}","templated":true}]}}