{"id":53,"date":"2014-05-09T09:35:54","date_gmt":"2014-05-09T09:35:54","guid":{"rendered":"http:\/\/taekwon.no\/?page_id=53"},"modified":"2025-07-08T07:27:03","modified_gmt":"2025-07-08T07:27:03","slug":"sortbelter","status":"publish","type":"page","link":"https:\/\/taekwon.no\/?page_id=53","title":{"rendered":"Klubbens graderte sortbelter"},"content":{"rendered":"\n<figure class=\"wp-block-image size-large\"><a href=\"https:\/\/taekwon.no\/wp-content\/uploads\/2025\/06\/Taekwondo-portrett-13.jpg\"><img loading=\"lazy\" decoding=\"async\" width=\"1024\" height=\"789\" src=\"https:\/\/taekwon.no\/wp-content\/uploads\/2025\/06\/Taekwondo-portrett-13-1024x789.jpg\" alt=\"\" class=\"wp-image-507\" srcset=\"https:\/\/taekwon.no\/wp-content\/uploads\/2025\/06\/Taekwondo-portrett-13-1024x789.jpg 1024w, https:\/\/taekwon.no\/wp-content\/uploads\/2025\/06\/Taekwondo-portrett-13-300x231.jpg 300w, https:\/\/taekwon.no\/wp-content\/uploads\/2025\/06\/Taekwondo-portrett-13-768x592.jpg 768w, https:\/\/taekwon.no\/wp-content\/uploads\/2025\/06\/Taekwondo-portrett-13-1536x1184.jpg 1536w, https:\/\/taekwon.no\/wp-content\/uploads\/2025\/06\/Taekwondo-portrett-13.jpg 1600w\" sizes=\"auto, (max-width: 1024px) 100vw, 1024px\" \/><\/a><\/figure>\n\n\n\n<div class=\"wp-block-group is-nowrap is-layout-flex wp-container-core-group-is-layout-ad2f72ca wp-block-group-is-layout-flex\">\n<h2><span style=\"color: #000000;\"><strong>Aktive:<\/strong><\/span><\/h2>\n<ul>\n<li><span style=\"color: #000000;\"><strong>Geir Olav<\/strong><strong> H\u00e5gensli\u00a0 VII Dan<\/strong><\/span><\/li>\n<li><span style=\"color: #000000;\"><strong>Arne Ulv\u00e5g<\/strong><strong> V Dan <\/strong><\/span><\/li>\n<li><span style=\"color: #000000;\"><strong>B\u00e5rd Dahle II Dan<\/strong><\/span><\/li>\n<li><span style=\"color: #000000;\"><strong>Stig Roar D\u00f8rum IV Dan<\/strong><\/span><\/li>\n<li><span style=\"color: #000000;\"><strong>\u00d8rjan Trenmo III Dan<\/strong><\/span><\/li>\n<li><span style=\"color: #000000;\"><strong>Ronny Holmstedt I Dan<\/strong><\/span><\/li>\n<li><span style=\"color: #000000;\"><strong>Sven Erik Nyseter I Dan<\/strong><\/span><\/li>\n<li><span style=\"color: #000000;\"><strong>Thea Asphaug I Dan<\/strong><\/span><\/li>\n<li><span style=\"color: #000000;\"><strong>Pernille Christiansdatter J\u00f8rgensen I Dan<\/strong><\/span><\/li>\n<li><span style=\"color: #000000;\"><strong>Edvin D\u00f8rum I Dan<\/strong><\/span><\/li>\n<li><strong>Thomas White I Dan<\/strong><\/li>\n<li><strong>Felix Zahl I Dan<\/strong><\/li>\n<li><strong>Oliver Thyve I Dan<\/strong><\/li>\n<\/ul>\n<\/div>\n\n\n\n<figure class=\"wp-block-image size-large\"><a href=\"https:\/\/taekwon.no\/wp-content\/uploads\/2025\/05\/Taekwondo-portrett-1.jpg\"><img loading=\"lazy\" decoding=\"async\" width=\"768\" height=\"1024\" src=\"https:\/\/taekwon.no\/wp-content\/uploads\/2025\/05\/Taekwondo-portrett-1-768x1024.jpg\" alt=\"\" class=\"wp-image-441\" srcset=\"https:\/\/taekwon.no\/wp-content\/uploads\/2025\/05\/Taekwondo-portrett-1-768x1024.jpg 768w, https:\/\/taekwon.no\/wp-content\/uploads\/2025\/05\/Taekwondo-portrett-1-225x300.jpg 225w, https:\/\/taekwon.no\/wp-content\/uploads\/2025\/05\/Taekwondo-portrett-1-1152x1536.jpg 1152w, https:\/\/taekwon.no\/wp-content\/uploads\/2025\/05\/Taekwondo-portrett-1.jpg 1200w\" sizes=\"auto, (max-width: 768px) 100vw, 768px\" \/><\/a><\/figure>\n\n\n\n<figure class=\"wp-block-image size-large\"><a href=\"https:\/\/taekwon.no\/wp-content\/uploads\/2025\/05\/Taekwondo-portrett-2.jpg\"><img loading=\"lazy\" decoding=\"async\" width=\"768\" height=\"1024\" src=\"https:\/\/taekwon.no\/wp-content\/uploads\/2025\/05\/Taekwondo-portrett-2-768x1024.jpg\" alt=\"\" class=\"wp-image-442\" srcset=\"https:\/\/taekwon.no\/wp-content\/uploads\/2025\/05\/Taekwondo-portrett-2-768x1024.jpg 768w, https:\/\/taekwon.no\/wp-content\/uploads\/2025\/05\/Taekwondo-portrett-2-225x300.jpg 225w, https:\/\/taekwon.no\/wp-content\/uploads\/2025\/05\/Taekwondo-portrett-2-1152x1536.jpg 1152w, https:\/\/taekwon.no\/wp-content\/uploads\/2025\/05\/Taekwondo-portrett-2.jpg 1200w\" sizes=\"auto, (max-width: 768px) 100vw, 768px\" \/><\/a><\/figure>\n\n\n\n\n\n<figure class=\"wp-block-image size-large\"><a href=\"https:\/\/taekwon.no\/wp-content\/uploads\/2025\/05\/Taekwondo-portrett-6.jpg\"><img loading=\"lazy\" decoding=\"async\" width=\"768\" height=\"1024\" src=\"https:\/\/taekwon.no\/wp-content\/uploads\/2025\/05\/Taekwondo-portrett-6-768x1024.jpg\" alt=\"\" class=\"wp-image-440\" srcset=\"https:\/\/taekwon.no\/wp-content\/uploads\/2025\/05\/Taekwondo-portrett-6-768x1024.jpg 768w, https:\/\/taekwon.no\/wp-content\/uploads\/2025\/05\/Taekwondo-portrett-6-225x300.jpg 225w, https:\/\/taekwon.no\/wp-content\/uploads\/2025\/05\/Taekwondo-portrett-6-1152x1536.jpg 1152w, https:\/\/taekwon.no\/wp-content\/uploads\/2025\/05\/Taekwondo-portrett-6.jpg 1200w\" sizes=\"auto, (max-width: 768px) 100vw, 768px\" \/><\/a><\/figure>\n\n\n\n\n\n\n\n<figure class=\"wp-block-image size-large\"><a href=\"https:\/\/taekwon.no\/wp-content\/uploads\/2025\/05\/Taekwondo-portrett-3.jpg\"><img loading=\"lazy\" decoding=\"async\" width=\"768\" height=\"1024\" src=\"https:\/\/taekwon.no\/wp-content\/uploads\/2025\/05\/Taekwondo-portrett-3-768x1024.jpg\" alt=\"\" class=\"wp-image-443\" srcset=\"https:\/\/taekwon.no\/wp-content\/uploads\/2025\/05\/Taekwondo-portrett-3-768x1024.jpg 768w, https:\/\/taekwon.no\/wp-content\/uploads\/2025\/05\/Taekwondo-portrett-3-225x300.jpg 225w, https:\/\/taekwon.no\/wp-content\/uploads\/2025\/05\/Taekwondo-portrett-3-1152x1536.jpg 1152w, https:\/\/taekwon.no\/wp-content\/uploads\/2025\/05\/Taekwondo-portrett-3.jpg 1200w\" sizes=\"auto, (max-width: 768px) 100vw, 768px\" \/><\/a><\/figure>\n\n\n\n\n\n<figure class=\"wp-block-image size-large\"><a href=\"https:\/\/taekwon.no\/wp-content\/uploads\/2025\/05\/Taekwondo-portrett-9.jpg\"><img loading=\"lazy\" decoding=\"async\" width=\"768\" height=\"1024\" src=\"https:\/\/taekwon.no\/wp-content\/uploads\/2025\/05\/Taekwondo-portrett-9-768x1024.jpg\" alt=\"\" class=\"wp-image-439\" srcset=\"https:\/\/taekwon.no\/wp-content\/uploads\/2025\/05\/Taekwondo-portrett-9-768x1024.jpg 768w, https:\/\/taekwon.no\/wp-content\/uploads\/2025\/05\/Taekwondo-portrett-9-225x300.jpg 225w, https:\/\/taekwon.no\/wp-content\/uploads\/2025\/05\/Taekwondo-portrett-9-1152x1536.jpg 1152w, https:\/\/taekwon.no\/wp-content\/uploads\/2025\/05\/Taekwondo-portrett-9.jpg 1200w\" sizes=\"auto, (max-width: 768px) 100vw, 768px\" \/><\/a><\/figure>\n\n\n\n\n\n<figure class=\"wp-block-image size-large\"><a href=\"https:\/\/taekwon.no\/wp-content\/uploads\/2025\/06\/Taekwondo-7.jpg\"><img loading=\"lazy\" decoding=\"async\" width=\"819\" height=\"1024\" src=\"https:\/\/taekwon.no\/wp-content\/uploads\/2025\/06\/Taekwondo-7-819x1024.jpg\" alt=\"\" class=\"wp-image-514\" srcset=\"https:\/\/taekwon.no\/wp-content\/uploads\/2025\/06\/Taekwondo-7-819x1024.jpg 819w, https:\/\/taekwon.no\/wp-content\/uploads\/2025\/06\/Taekwondo-7-240x300.jpg 240w, https:\/\/taekwon.no\/wp-content\/uploads\/2025\/06\/Taekwondo-7-768x960.jpg 768w, https:\/\/taekwon.no\/wp-content\/uploads\/2025\/06\/Taekwondo-7-1229x1536.jpg 1229w, https:\/\/taekwon.no\/wp-content\/uploads\/2025\/06\/Taekwondo-7.jpg 1280w\" sizes=\"auto, (max-width: 819px) 100vw, 819px\" \/><\/a><\/figure>\n\n\n\n\n\n<figure class=\"wp-block-image size-large\"><a href=\"https:\/\/taekwon.no\/wp-content\/uploads\/2025\/06\/Taekwondo-portrett-11.jpg\"><img loading=\"lazy\" decoding=\"async\" width=\"768\" height=\"1024\" src=\"https:\/\/taekwon.no\/wp-content\/uploads\/2025\/06\/Taekwondo-portrett-11-768x1024.jpg\" alt=\"\" class=\"wp-image-505\" srcset=\"https:\/\/taekwon.no\/wp-content\/uploads\/2025\/06\/Taekwondo-portrett-11-768x1024.jpg 768w, https:\/\/taekwon.no\/wp-content\/uploads\/2025\/06\/Taekwondo-portrett-11-225x300.jpg 225w, https:\/\/taekwon.no\/wp-content\/uploads\/2025\/06\/Taekwondo-portrett-11-1152x1536.jpg 1152w, https:\/\/taekwon.no\/wp-content\/uploads\/2025\/06\/Taekwondo-portrett-11.jpg 1200w\" sizes=\"auto, (max-width: 768px) 100vw, 768px\" \/><\/a><\/figure>\n\n\n\n<h2><strong>For tiden ikke aktive:<\/strong><\/h2>\n<ul>\n<li><span style=\"color: #000000;\"><strong>Jon Kristian Storli II Dan<\/strong><\/span><\/li>\n<li><span style=\"color: #000000;\"><strong>H\u00e5vard Skalien II Dan<\/strong><\/span><\/li>\n<li><span style=\"color: #000000;\"><strong>Lillian\u00a0Ulv\u00e5g II Dan<\/strong><\/span><\/li>\n<li><span style=\"color: #000000;\"><strong>Martin Ek Brattset I Dan<\/strong><\/span><\/li>\n<li><span style=\"color: #000000;\"><strong>Jan Erik Stuen<\/strong><strong> I Dan<\/strong><\/span><\/li>\n<li><span style=\"color: #000000;\"><strong>Terje Gunnesm\u00e6l I Dan<\/strong><\/span><\/li>\n<li><span style=\"color: #000000;\"><strong>Per Bjarne L\u00f8vsletten I Dan<\/strong><\/span><\/li>\n<li><span style=\"color: #000000;\"><strong>John Ola Furuhovde I Dan<\/strong><\/span><\/li>\n<li><span style=\"color: #000000;\"><strong>Tommy Sommerseth I Dan<\/strong><\/span><\/li>\n<li><span style=\"color: #000000;\"><strong>Parja Jansepar I Dan<\/strong><\/span><\/li>\n<li><span style=\"color: #000000;\"><strong>Eirik Mj\u00f8en<\/strong><strong> I Dan<\/strong><\/span><\/li>\n<li><span style=\"color: #000000;\"><strong>Mia H\u00e5gensli I Dan<\/strong><\/span><\/li>\n<li><span style=\"color: #000000;\"><strong>Torgeir Andersen I Dan<\/strong><\/span><\/li>\n<li><span style=\"color: #000000;\"><strong>Bj\u00f8rn Backmann I Dan<\/strong><\/span><\/li>\n<\/ul>\n\n\n","protected":false},"excerpt":{"rendered":"<p>Aktive: Geir Olav H\u00e5gensli\u00a0 VII Dan Arne Ulv\u00e5g V Dan B\u00e5rd Dahle II Dan Stig Roar D\u00f8rum IV Dan \u00d8rjan Trenmo III Dan Ronny Holmstedt I Dan Sven Erik Nyseter I Dan Thea Asphaug I Dan Pernille Christiansdatter J\u00f8rgensen I Dan Edvin D\u00f8rum I Dan Thomas White I Dan Felix Zahl I Dan Oliver Thyve [&hellip;]<\/p>\n","protected":false},"author":1,"featured_media":0,"parent":0,"menu_order":0,"comment_status":"closed","ping_status":"closed","template":"","meta":{"_mc_calendar":[],"footnotes":""},"class_list":["post-53","page","type-page","status-publish","hentry"],"_links":{"self":[{"href":"https:\/\/taekwon.no\/index.php?rest_route=\/wp\/v2\/pages\/53","targetHints":{"allow":["GET"]}}],"collection":[{"href":"https:\/\/taekwon.no\/index.php?rest_route=\/wp\/v2\/pages"}],"about":[{"href":"https:\/\/taekwon.no\/index.php?rest_route=\/wp\/v2\/types\/page"}],"author":[{"embeddable":true,"href":"https:\/\/taekwon.no\/index.php?rest_route=\/wp\/v2\/users\/1"}],"replies":[{"embeddable":true,"href":"https:\/\/taekwon.no\/index.php?rest_route=%2Fwp%2Fv2%2Fcomments&post=53"}],"version-history":[{"count":26,"href":"https:\/\/taekwon.no\/index.php?rest_route=\/wp\/v2\/pages\/53\/revisions"}],"predecessor-version":[{"id":640,"href":"https:\/\/taekwon.no\/index.php?rest_route=\/wp\/v2\/pages\/53\/revisions\/640"}],"wp:attachment":[{"href":"https:\/\/taekwon.no\/index.php?rest_route=%2Fwp%2Fv2%2Fmedia&parent=53"}],"curies":[{"name":"wp","href":"https:\/\/api.w.org\/{rel}","templated":true}]}}