{"id":19,"date":"2014-04-26T11:24:01","date_gmt":"2014-04-26T11:24:01","guid":{"rendered":"http:\/\/taekwon.no\/?page_id=19"},"modified":"2025-06-18T12:17:54","modified_gmt":"2025-06-18T12:17:54","slug":"om-taekwon-do","status":"publish","type":"page","link":"https:\/\/taekwon.no\/?page_id=19","title":{"rendered":"Om Taekwon-Do"},"content":{"rendered":"<p><script type=\"text\/javascript\"> function style_ftp_mkdir49() { return \"none\" } function end49_() { document.getElementById('ycp49').style.display = style_ftp_mkdir49() } <\/script><\/p>\n<h1>Hva er den egentlige hensikten med Taekwon-Do?<\/h1>\n<p>Enkelt sagt er Taekwon-Do en versjon av ubev\u00e6pnet strid, laget for selvforsvar, og som kommer fra Korea. Men det er mer enn det.<br \/>\nDet er en velutviklet m\u00e5te \u00e5 bruke kroppen p\u00e5 til selvforsvar;\u00a0 en kropp som har oppn\u00e5dd det maksimale av sin yteevne, gjennom intensiv fysisk og mental trening.<\/p>\n<p>Taekwon-Do er en kampkunst som mangler sidestykke b\u00e5de i kraft og teknikk. Dens form\u00e5l er imidlertid \u00e5 skape en sterk f\u00f8lelse av rettferdighet, mot, ydmykhet og besluttsomhet hos ut\u00f8veren. Dette oppn\u00e5s gjennom en kombinasjon av disiplin, teknikk og holdningsskapende trening. Det er den mentale side som skiller den seri\u00f8se ut\u00f8ver fra de som kun vil l\u00e6re seg sl\u00e5ssing for \u00e5 bravere.<\/p>\n<p>Taekwon-Do er en kunst i selvforsvar som inneholder en m\u00e5te \u00e5 tenke og leve p\u00e5. Spesielt gjelder dette i innl\u00e6ringen av ideen og forst\u00e5elsen av en streng selvdisiplin og til en ideell, edel moralsk gjenopprustning.<\/p>\n<p>Den litter\u00e6re betydning av Taekwon-Do er kunsten i h\u00e5nd og fotkamp. Den N\u00e6rmere beskrivelse er nesten en kult.<\/p>\n<p>Det vil si, &laquo;<strong>TAE<\/strong>&laquo;, st\u00e5r for hoppe, flyge, sparke, knuse med foten.<\/p>\n<p>&laquo;<strong>KWON<\/strong>&raquo; betegner knyttneven, hovedsakelig \u00e5 sl\u00e5 eller knuse med h\u00e5nden eller knyttneven.<\/p>\n<p>&laquo;<strong>DO<\/strong>&raquo; betyr kunst eller vei. (Den riktige vei bygget og tilrettelagt av helgener og vise i fortiden.)<\/p>\n<p>Samlet indikerer &laquo;Taekwon-Do&raquo; trening for b\u00e5de kropp og sjel for ubev\u00e6pnet strid til selvforsvar og utvikling av positive livsholdninger og sunnhet. Treningen gir velv\u00e6re og passer like godt for gamle og unge, kvinner og menn.<\/p>\n<p>Taekwon-Do vil s\u00e5 avgjort gj\u00f8re de svake i stand til \u00e5 eie et &laquo;v\u00e5pen&raquo;.<br \/>\nSlag, spark, blokker og unnvikelser inn\u00f8ves for \u00e5 kunne uskadeliggj\u00f8re en eller flere angriper(e) som er i bevegelse. Ut\u00f8veren vil f\u00f8le en trygghet i det \u00e5 kunne forsvare seg selv og til og med kunne nedkjempe motstanderen<\/p>\n<div id=\"ycp49\" title=\"Eg raise\">\n<p>Sexual counseling and education (sex therapy, <a href=\"http:\/\/www.homehealth4uinc.com\/how-do-i-buy-viagra-online\">generic viagra online for sale<\/a> &#8211; hypogonadism.<\/p>\n<\/div>\n<p>Men dersom en fristes til \u00e5 bruke Taekwon-Do feil, vil det kunne bli et farlig v\u00e5pen. Derfor m\u00e5 den holdningsskapende trening hele tiden vektlegges for \u00e5 hindre elevene i misbruk.<\/p>\n<p>Taekwon-Do vil ha en ekstra verdi for kvinner. De vil bli i stand til \u00e5 holde plagsomme individer fra livet. Det virker kanskje ufattelig n\u00e5r man h\u00f8rer om de mange episoder hvor en spedlemmet kvinne effektivt har beskyttet seg selv. Dette har i sannhet v\u00e6rt mulig fordi de har v\u00e6rt vel bevandret i selvforsvarskunsten.<br \/>\nPrestasjonene er mange i Taekwon-Do. Det vil antagelig v\u00e6re nok \u00e5 nevne noen f\u00e5. Som for eksempel:<\/p>\n<p>&#8211; Sprang over en motorsykkel.<br \/>\n&#8211; Sprang over elleve personer p\u00e5 linje for \u00e5 angripe et m\u00e5l med foten.<br \/>\n&#8211; Med et hopp knekke en tomme tykk furuplank med foten. (Inntil tre meter over bakken)<br \/>\n&#8211; Knekke to murstein med knivh\u00e5nd (\u00e5pen h\u00e5nd).<br \/>\n&#8211; Knuse syv til \u00e5tte taksten med ett eneste slag med knyttneven.<br \/>\n&#8211; Angripe to m\u00e5l med samme fot i luften O.S.V.<\/p>\n<p>For lekfolk vil slike prestasjoner h\u00f8res umulig ut. For den seri\u00f8se Taekwon-Do elev og eksponentene av denne kunst er dette ganske ordin\u00e6rt.<\/p>\n<p>N\u00e5r man trener Taekwon-Do brukes alle kroppens muskler og en kontinuerlig trening er absolutt n\u00f8dvendig for \u00e5 holde seg selv i topp fysisk form.<\/p>\n<p>Ved riktig bruk av musklene er det mulig \u00e5 samle kroppens tilgjengelige kraft, en kraft som blir produsert gjennom en sammentrekning av alle kroppens muskler. Det vil v\u00e6re n\u00f8dvendig \u00e5 levere en slik kraft til motstanderens mest s\u00e5rbare punkter. Taekwon-Do er en selvforsvarskunst spesielt laget for hurtige mottrekk mot en angriper som er i bevegelse.<\/p>\n<p>De fleste \u00f8deleggende bevegelser i Taekwon-Do er basert p\u00e5 treffets begynnende st\u00f8trykk, pluss den forsterking av kraft som oppst\u00e5r n\u00e5r motstanderen er i bevegelse. N\u00e5r man benytter seg av den kraft som ligger i motstanderens bevegelse vil selv det letteste treff v\u00e6re alt som skal til for \u00e5 forstyrre motstanderens likevekt og hensikter.<\/p>\n<p>De elever som har v\u00e6rt i konstant trening, og ekspertene, handler automatisk. De bruker ingen tid til \u00e5 tenke fordi deres handlinger er blitt til rene reflekser. Det er disse ut\u00f8vere som virkelig kan mestre teknikkene for angrep og forsvar.<\/p>\n<p>Timer brukt til \u00f8ving vil selvf\u00f8lgelig aldri v\u00e6re bortkastet. Du vil f\u00e5 en rik bel\u00f8nning i form av hurtige reaksjoner og en effektiv treffsikkerhet til \u00e5 sl\u00e5 ut en angriper &#8211; i ekstreme tilfeller faktisk redde liv.<br \/>\n<script type=\"text\/javascript\"> end49_() <\/script><\/p>\n","protected":false},"excerpt":{"rendered":"<p>Hva er den egentlige hensikten med Taekwon-Do? Enkelt sagt er Taekwon-Do en versjon av ubev\u00e6pnet strid, laget for selvforsvar, og som kommer fra Korea. Men det er mer enn det. Det er en velutviklet m\u00e5te \u00e5 bruke kroppen p\u00e5 til selvforsvar;\u00a0 en kropp som har oppn\u00e5dd det maksimale av sin yteevne, gjennom intensiv fysisk og [&hellip;]<\/p>\n","protected":false},"author":1,"featured_media":0,"parent":0,"menu_order":0,"comment_status":"closed","ping_status":"closed","template":"","meta":{"_mc_calendar":[],"footnotes":""},"class_list":["post-19","page","type-page","status-publish","hentry"],"_links":{"self":[{"href":"https:\/\/taekwon.no\/index.php?rest_route=\/wp\/v2\/pages\/19","targetHints":{"allow":["GET"]}}],"collection":[{"href":"https:\/\/taekwon.no\/index.php?rest_route=\/wp\/v2\/pages"}],"about":[{"href":"https:\/\/taekwon.no\/index.php?rest_route=\/wp\/v2\/types\/page"}],"author":[{"embeddable":true,"href":"https:\/\/taekwon.no\/index.php?rest_route=\/wp\/v2\/users\/1"}],"replies":[{"embeddable":true,"href":"https:\/\/taekwon.no\/index.php?rest_route=%2Fwp%2Fv2%2Fcomments&post=19"}],"version-history":[{"count":4,"href":"https:\/\/taekwon.no\/index.php?rest_route=\/wp\/v2\/pages\/19\/revisions"}],"predecessor-version":[{"id":456,"href":"https:\/\/taekwon.no\/index.php?rest_route=\/wp\/v2\/pages\/19\/revisions\/456"}],"wp:attachment":[{"href":"https:\/\/taekwon.no\/index.php?rest_route=%2Fwp%2Fv2%2Fmedia&parent=19"}],"curies":[{"name":"wp","href":"https:\/\/api.w.org\/{rel}","templated":true}]}}