{"id":15,"date":"2014-04-26T11:23:28","date_gmt":"2014-04-26T11:23:28","guid":{"rendered":"http:\/\/taekwon.no\/?page_id=15"},"modified":"2025-08-21T12:26:40","modified_gmt":"2025-08-21T12:26:40","slug":"lyst-til-a-begynne","status":"publish","type":"page","link":"https:\/\/taekwon.no\/?page_id=15","title":{"rendered":"Lyst til \u00e5 starte?"},"content":{"rendered":"<div class=\"html-div xdj266r x14z9mp xat24cr x1lziwak xexx8yu xyri2b x18d9i69 x1c1uobl\" tabindex=\"-1\">\n<h2><span style=\"color: #000000;\"><strong>H\u00f8st 2025:<\/strong><\/span><\/h2>\n<div class=\"html-div xdj266r x14z9mp x1lziwak xexx8yu xyri2b x18d9i69 x1c1uobl x1e56ztr\"><span class=\"x193iq5w xeuugli x13faqbe x1vvkbs x1xmvt09 x6prxxf xvq8zen xo1l8bm xzsf02u\" style=\"color: #000000;\">Vi tar inn nybegynnere voksne og ungdom uke 35. <strong>Onsdag 27\/8 kl 19:00<\/strong> er f\u00f8rste mulighet.<\/span><\/div>\n<div><\/div>\n<div class=\"html-div xdj266r x14z9mp x1lziwak xexx8yu xyri2b x18d9i69 x1c1uobl x1e56ztr\"><span style=\"color: #000000;\"><br \/>\nNybegynner barn starter vi med i uke 36, her blir dag annonsert litt senere.<\/span><\/div>\n<\/div>\n<div class=\"html-div xdj266r x14z9mp xat24cr x1lziwak xexx8yu xyri2b x18d9i69 x1c1uobl\" tabindex=\"-1\">\n<div class=\"html-div xdj266r x14z9mp x1lziwak xexx8yu xyri2b x18d9i69 x1c1uobl x1e56ztr\"><\/div>\n<\/div>\n<div class=\"html-div xdj266r x14z9mp xat24cr x1lziwak xexx8yu xyri2b x18d9i69 x1c1uobl\" tabindex=\"-1\">\n<div class=\"html-div xdj266r x14z9mp x1lziwak xexx8yu xyri2b x18d9i69 x1c1uobl x1e56ztr\"><span class=\"x193iq5w xeuugli x13faqbe x1vvkbs x1xmvt09 x6prxxf xvq8zen xo1l8bm xzsf02u\" style=\"color: #000000;\"><br \/>\nVelkommen til ny sesong, vi instrukt\u00f8rer gleder oss veldig til \u00e5 komme i gang.<\/span><\/div>\n<\/div>\n<h3><span style=\"color: #000000;\"><strong>Sted:<\/strong><\/span><\/h3>\n<p><span style=\"color: #000000;\">2. etasje i Elkj\u00f8p bygget (lokalet til tidligere Auna legesenter), inngang mot Oppdalsbanken.<\/span><\/p>\n<p><span style=\"color: #000000;\">Kom innom v\u00e5rt lokale under \u00e5pningstid (<a style=\"color: #000000;\" href=\"https:\/\/taekwon.no\/?page_id=155\"><strong>les om treningstider<\/strong><\/a>) og snakk med en trener.<\/span><\/p>\n<p><span style=\"color: #000000;\">Eller kontakt Master Geir Olav H\u00e5gensli: +47 920 59 227 geir@taekwon.no<\/span><\/p>\n","protected":false},"excerpt":{"rendered":"<p>H\u00f8st 2025: Vi tar inn nybegynnere voksne og ungdom uke 35. Onsdag 27\/8 kl 19:00 er f\u00f8rste mulighet. Nybegynner barn starter vi med i uke 36, her blir dag annonsert litt senere. Velkommen til ny sesong, vi instrukt\u00f8rer gleder oss veldig til \u00e5 komme i gang. Sted: 2. etasje i Elkj\u00f8p bygget (lokalet til tidligere [&hellip;]<\/p>\n","protected":false},"author":1,"featured_media":0,"parent":0,"menu_order":0,"comment_status":"closed","ping_status":"closed","template":"","meta":{"_mc_calendar":[],"footnotes":""},"class_list":["post-15","page","type-page","status-publish","hentry"],"_links":{"self":[{"href":"https:\/\/taekwon.no\/index.php?rest_route=\/wp\/v2\/pages\/15","targetHints":{"allow":["GET"]}}],"collection":[{"href":"https:\/\/taekwon.no\/index.php?rest_route=\/wp\/v2\/pages"}],"about":[{"href":"https:\/\/taekwon.no\/index.php?rest_route=\/wp\/v2\/types\/page"}],"author":[{"embeddable":true,"href":"https:\/\/taekwon.no\/index.php?rest_route=\/wp\/v2\/users\/1"}],"replies":[{"embeddable":true,"href":"https:\/\/taekwon.no\/index.php?rest_route=%2Fwp%2Fv2%2Fcomments&post=15"}],"version-history":[{"count":20,"href":"https:\/\/taekwon.no\/index.php?rest_route=\/wp\/v2\/pages\/15\/revisions"}],"predecessor-version":[{"id":652,"href":"https:\/\/taekwon.no\/index.php?rest_route=\/wp\/v2\/pages\/15\/revisions\/652"}],"wp:attachment":[{"href":"https:\/\/taekwon.no\/index.php?rest_route=%2Fwp%2Fv2%2Fmedia&parent=15"}],"curies":[{"name":"wp","href":"https:\/\/api.w.org\/{rel}","templated":true}]}}